{"id":1265,"date":"2022-09-09T20:56:00","date_gmt":"2022-09-09T23:56:00","guid":{"rendered":"https:\/\/iessanfrancisco-slu.infd.edu.ar\/sitio\/?page_id=1265"},"modified":"2022-10-16T22:03:08","modified_gmt":"2022-10-17T01:03:08","slug":"primer-conversatorio","status":"publish","type":"page","link":"https:\/\/iessanfrancisco-slu.infd.edu.ar\/sitio\/primer-conversatorio\/","title":{"rendered":"Primer Conversatorio"},"content":{"rendered":"\n<p><strong><span class=\"has-inline-color has-vivid-cyan-blue-color\">\u00abExperiencias Docentes en Educaci\u00f3n Primaria y Ruralidad\u00bb<\/span><\/strong><\/p>\n\n\n\n<p>Este proyecto pedag\u00f3gico, tiene como fin reconocer la experiencia de docentes con una amplia trayectoria en el campo de la educaci\u00f3n. Creemos que estos espacios de reflexi\u00f3n conjunta son posibilitadores de cambio y autoreflexi\u00f3n continua en futuros\/as profesionales de la educaci\u00f3n. <\/p>\n\n\n\n<div class=\"wp-block-group\"><div class=\"wp-block-group__inner-container is-layout-flow\">\n<figure class=\"wp-block-gallery columns-3 is-cropped wp-block-gallery-1 is-layout-flex\"><ul class=\"blocks-gallery-grid\"><li class=\"blocks-gallery-item\"><figure><img decoding=\"async\" loading=\"lazy\" width=\"1280\" height=\"590\" src=\"https:\/\/iessanfrancisco-slu.infd.edu.ar\/sitio\/wp-content\/uploads\/2022\/10\/032a765e-1fa5-4641-9228-075fdd129415.jpg\" alt=\"\" data-id=\"1267\" data-full-url=\"https:\/\/iessanfrancisco-slu.infd.edu.ar\/sitio\/wp-content\/uploads\/2022\/10\/032a765e-1fa5-4641-9228-075fdd129415.jpg\" data-link=\"https:\/\/iessanfrancisco-slu.infd.edu.ar\/sitio\/?attachment_id=1267#main\" class=\"wp-image-1267\" srcset=\"https:\/\/iessanfrancisco-slu.infd.edu.ar\/sitio\/wp-content\/uploads\/2022\/10\/032a765e-1fa5-4641-9228-075fdd129415.jpg 1280w, https:\/\/iessanfrancisco-slu.infd.edu.ar\/sitio\/wp-content\/uploads\/2022\/10\/032a765e-1fa5-4641-9228-075fdd129415-1000x461.jpg 1000w, https:\/\/iessanfrancisco-slu.infd.edu.ar\/sitio\/wp-content\/uploads\/2022\/10\/032a765e-1fa5-4641-9228-075fdd129415-768x354.jpg 768w\" sizes=\"(max-width: 1280px) 100vw, 1280px\" \/><\/figure><\/li><li class=\"blocks-gallery-item\"><figure><img decoding=\"async\" loading=\"lazy\" width=\"1280\" height=\"590\" src=\"https:\/\/iessanfrancisco-slu.infd.edu.ar\/sitio\/wp-content\/uploads\/2022\/10\/49c0cb66-4704-4365-b4f2-16901e78fb1a.jpg\" alt=\"\" data-id=\"1268\" data-full-url=\"https:\/\/iessanfrancisco-slu.infd.edu.ar\/sitio\/wp-content\/uploads\/2022\/10\/49c0cb66-4704-4365-b4f2-16901e78fb1a.jpg\" data-link=\"https:\/\/iessanfrancisco-slu.infd.edu.ar\/sitio\/?attachment_id=1268#main\" class=\"wp-image-1268\" srcset=\"https:\/\/iessanfrancisco-slu.infd.edu.ar\/sitio\/wp-content\/uploads\/2022\/10\/49c0cb66-4704-4365-b4f2-16901e78fb1a.jpg 1280w, https:\/\/iessanfrancisco-slu.infd.edu.ar\/sitio\/wp-content\/uploads\/2022\/10\/49c0cb66-4704-4365-b4f2-16901e78fb1a-1000x461.jpg 1000w, https:\/\/iessanfrancisco-slu.infd.edu.ar\/sitio\/wp-content\/uploads\/2022\/10\/49c0cb66-4704-4365-b4f2-16901e78fb1a-768x354.jpg 768w\" sizes=\"(max-width: 1280px) 100vw, 1280px\" \/><\/figure><\/li><li class=\"blocks-gallery-item\"><figure><img decoding=\"async\" loading=\"lazy\" width=\"1280\" height=\"590\" src=\"https:\/\/iessanfrancisco-slu.infd.edu.ar\/sitio\/wp-content\/uploads\/2022\/10\/853b7832-faec-4191-9819-f29704c07c47.jpg\" alt=\"\" data-id=\"1269\" data-full-url=\"https:\/\/iessanfrancisco-slu.infd.edu.ar\/sitio\/wp-content\/uploads\/2022\/10\/853b7832-faec-4191-9819-f29704c07c47.jpg\" data-link=\"https:\/\/iessanfrancisco-slu.infd.edu.ar\/sitio\/?attachment_id=1269#main\" class=\"wp-image-1269\" srcset=\"https:\/\/iessanfrancisco-slu.infd.edu.ar\/sitio\/wp-content\/uploads\/2022\/10\/853b7832-faec-4191-9819-f29704c07c47.jpg 1280w, https:\/\/iessanfrancisco-slu.infd.edu.ar\/sitio\/wp-content\/uploads\/2022\/10\/853b7832-faec-4191-9819-f29704c07c47-1000x461.jpg 1000w, https:\/\/iessanfrancisco-slu.infd.edu.ar\/sitio\/wp-content\/uploads\/2022\/10\/853b7832-faec-4191-9819-f29704c07c47-768x354.jpg 768w\" sizes=\"(max-width: 1280px) 100vw, 1280px\" \/><\/figure><\/li><li class=\"blocks-gallery-item\"><figure><img decoding=\"async\" loading=\"lazy\" width=\"1280\" height=\"590\" src=\"https:\/\/iessanfrancisco-slu.infd.edu.ar\/sitio\/wp-content\/uploads\/2022\/10\/94053035-f9e0-494b-8534-988cc5a3aee9.jpg\" alt=\"\" data-id=\"1270\" data-full-url=\"https:\/\/iessanfrancisco-slu.infd.edu.ar\/sitio\/wp-content\/uploads\/2022\/10\/94053035-f9e0-494b-8534-988cc5a3aee9.jpg\" data-link=\"https:\/\/iessanfrancisco-slu.infd.edu.ar\/sitio\/?attachment_id=1270#main\" class=\"wp-image-1270\" srcset=\"https:\/\/iessanfrancisco-slu.infd.edu.ar\/sitio\/wp-content\/uploads\/2022\/10\/94053035-f9e0-494b-8534-988cc5a3aee9.jpg 1280w, https:\/\/iessanfrancisco-slu.infd.edu.ar\/sitio\/wp-content\/uploads\/2022\/10\/94053035-f9e0-494b-8534-988cc5a3aee9-1000x461.jpg 1000w, https:\/\/iessanfrancisco-slu.infd.edu.ar\/sitio\/wp-content\/uploads\/2022\/10\/94053035-f9e0-494b-8534-988cc5a3aee9-768x354.jpg 768w\" sizes=\"(max-width: 1280px) 100vw, 1280px\" \/><\/figure><\/li><li class=\"blocks-gallery-item\"><figure><img decoding=\"async\" loading=\"lazy\" width=\"1280\" height=\"590\" src=\"https:\/\/iessanfrancisco-slu.infd.edu.ar\/sitio\/wp-content\/uploads\/2022\/10\/a3f142d8-a171-4a2e-8433-e0c51616d62e.jpg\" alt=\"\" data-id=\"1271\" data-full-url=\"https:\/\/iessanfrancisco-slu.infd.edu.ar\/sitio\/wp-content\/uploads\/2022\/10\/a3f142d8-a171-4a2e-8433-e0c51616d62e.jpg\" data-link=\"https:\/\/iessanfrancisco-slu.infd.edu.ar\/sitio\/?attachment_id=1271#main\" class=\"wp-image-1271\" srcset=\"https:\/\/iessanfrancisco-slu.infd.edu.ar\/sitio\/wp-content\/uploads\/2022\/10\/a3f142d8-a171-4a2e-8433-e0c51616d62e.jpg 1280w, https:\/\/iessanfrancisco-slu.infd.edu.ar\/sitio\/wp-content\/uploads\/2022\/10\/a3f142d8-a171-4a2e-8433-e0c51616d62e-1000x461.jpg 1000w, https:\/\/iessanfrancisco-slu.infd.edu.ar\/sitio\/wp-content\/uploads\/2022\/10\/a3f142d8-a171-4a2e-8433-e0c51616d62e-768x354.jpg 768w\" sizes=\"(max-width: 1280px) 100vw, 1280px\" \/><\/figure><\/li><\/ul><\/figure>\n<\/div><\/div>\n","protected":false},"excerpt":{"rendered":"<p>\u00abExperiencias Docentes en Educaci\u00f3n Primaria y Ruralidad\u00bb Este proyecto pedag\u00f3gico, tiene como fin reconocer la experiencia de docentes con una amplia trayectoria en el campo de la educaci\u00f3n. Creemos que estos espacios de reflexi\u00f3n conjunta son posibilitadores de cambio y autoreflexi\u00f3n continua en futuros\/as profesionales de la educaci\u00f3n.<\/p>\n","protected":false},"author":11,"featured_media":1266,"parent":0,"menu_order":0,"comment_status":"open","ping_status":"closed","template":"","meta":[],"acf":[],"_links":{"self":[{"href":"https:\/\/iessanfrancisco-slu.infd.edu.ar\/sitio\/wp-json\/wp\/v2\/pages\/1265"}],"collection":[{"href":"https:\/\/iessanfrancisco-slu.infd.edu.ar\/sitio\/wp-json\/wp\/v2\/pages"}],"about":[{"href":"https:\/\/iessanfrancisco-slu.infd.edu.ar\/sitio\/wp-json\/wp\/v2\/types\/page"}],"author":[{"embeddable":true,"href":"https:\/\/iessanfrancisco-slu.infd.edu.ar\/sitio\/wp-json\/wp\/v2\/users\/11"}],"replies":[{"embeddable":true,"href":"https:\/\/iessanfrancisco-slu.infd.edu.ar\/sitio\/wp-json\/wp\/v2\/comments?post=1265"}],"version-history":[{"count":3,"href":"https:\/\/iessanfrancisco-slu.infd.edu.ar\/sitio\/wp-json\/wp\/v2\/pages\/1265\/revisions"}],"predecessor-version":[{"id":1281,"href":"https:\/\/iessanfrancisco-slu.infd.edu.ar\/sitio\/wp-json\/wp\/v2\/pages\/1265\/revisions\/1281"}],"wp:featuredmedia":[{"embeddable":true,"href":"https:\/\/iessanfrancisco-slu.infd.edu.ar\/sitio\/wp-json\/wp\/v2\/media\/1266"}],"wp:attachment":[{"href":"https:\/\/iessanfrancisco-slu.infd.edu.ar\/sitio\/wp-json\/wp\/v2\/media?parent=1265"}],"curies":[{"name":"wp","href":"https:\/\/api.w.org\/{rel}","templated":true}]}}